{"id":51,"date":"2020-09-09T18:39:06","date_gmt":"2020-09-09T18:39:06","guid":{"rendered":"https:\/\/wegoplaces.local\/?page_id=51"},"modified":"2020-10-16T03:10:29","modified_gmt":"2020-10-16T02:10:29","slug":"contact","status":"publish","type":"page","link":"https:\/\/wegoplaces.pt\/pt\/contact\/","title":{"rendered":"Contacto"},"content":{"rendered":"<div data-elementor-type=\"wp-page\" data-elementor-id=\"51\" class=\"elementor elementor-51\" data-elementor-settings=\"[]\">\n\t\t\t\t\t\t<div class=\"elementor-inner\">\n\t\t\t\t\t\t\t<div class=\"elementor-section-wrap\">\n\t\t\t\t\t\t\t<section class=\"elementor-section elementor-top-section elementor-element elementor-element-5591d06 elementor-section-full_width elementor-section-height-default elementor-section-height-default\" data-id=\"5591d06\" data-element_type=\"section\">\n\t\t\t\t\t\t<div class=\"elementor-container elementor-column-gap-no\">\n\t\t\t\t\t\t\t<div class=\"elementor-row\">\n\t\t\t\t\t<div class=\"elementor-column elementor-col-100 elementor-top-column elementor-element elementor-element-902a678\" data-id=\"902a678\" data-element_type=\"column\">\n\t\t\t<div class=\"elementor-column-wrap elementor-element-populated\">\n\t\t\t\t\t\t\t<div class=\"elementor-widget-wrap\">\n\t\t\t\t\t\t<div class=\"elementor-element elementor-element-a0ce04c elementor-widget elementor-widget-wgp_contact_hero\" data-id=\"a0ce04c\" data-element_type=\"widget\" data-widget_type=\"wgp_contact_hero.default\">\n\t\t\t\t<div class=\"elementor-widget-container\">\n\t\t\t\n        <section class=\"wgp-contact-hero\">\n            <div class=\"inner-wrap\">\n                <h2 class=\"section-title\">Contacte-nos<\/h2>\n                <p class=\"body-text\">Como podemos ajudar?<\/p>\n                <div class=\"alert-wrap\"><\/div>\n            <\/div>\n        <\/section>\n\n    \t\t<\/div>\n\t\t\t\t<\/div>\n\t\t\t\t<div class=\"elementor-element elementor-element-58bc8a9 elementor-widget elementor-widget-wgp_contact_form\" data-id=\"58bc8a9\" data-element_type=\"widget\" data-widget_type=\"wgp_contact_form.default\">\n\t\t\t\t<div class=\"elementor-widget-container\">\n\t\t\t\n        <section class=\"wgp-contact-form\">\n            <div class=\"inner-wrap\">\n                <form class=\"form-wrap wgp-form\" role=\"form\" method=\"post\" action=\"https:\/\/wegoplaces.pt\/wp-admin\/admin-ajax.php\">\n                                            <label class=\"form-label\">\n                            <span class=\"label-text required\">Nome<\/span>\n                            <input class=\"form-field\" type=\"text\" value=\"\" name=\"name\" autocomplete=\"off\" required>\n                        <\/label>\n                                            <label class=\"form-label\">\n                            <span class=\"label-text\">Empresa<\/span>\n                            <input class=\"form-field\" type=\"text\" value=\"\" name=\"company\" autocomplete=\"off\" >\n                        <\/label>\n                                            <label class=\"form-label\">\n                            <span class=\"label-text required\">Email<\/span>\n                            <input class=\"form-field\" type=\"email\" value=\"\" name=\"email\" autocomplete=\"off\" required>\n                        <\/label>\n                                            <label class=\"form-label\">\n                            <span class=\"label-text\">Telefone<\/span>\n                            <input class=\"form-field\" type=\"tel\" value=\"\" name=\"phone\" autocomplete=\"off\" >\n                        <\/label>\n                                        <label class=\"form-label message-label\">\n                        <span class=\"label-text required\">Mensagem<\/span>\n                        <textarea class=\"form-field textarea\" value=\"\" name=\"message\" autocomplete=\"off\" required><\/textarea>\n                    <\/label>\n                    <p class=\"required\">Campos obrigat\u00f3rios<\/p>\n                    <button type=\"submit\" class=\"btn-submit btn-primary\">\n                        <div class=\"inner-wrap\">\n                            <span class=\"btn-text\" data-submit=\"Submit\" data-submitting=\"Submitting\"><\/span>\n                            <svg class=\"arrow-icon\"><use xlink:href=\"#arrow-icon\"><\/svg>\n                        <\/div>\n                    <\/button>\n                <\/form>\n\n                <div class=\"info-wrap\">\n                    <p class=\"info-title\">We Go Places<\/p>\n                    <p class=\"info-text\">Cursos de idiomas e servi\u00e7os de tradu\u00e7\u00e3o no Brasil e Portugal.<\/p>\n                    <div class=\"links-wrap\">\n                        \n<a href=\"tel:+351967763522\" class=\"hf-phone-link\">\n    <span class=\"country-code\">+351 <\/span><span class=\"phone-number\">967 763 522<\/span>\n<\/a>\n<div class=\"hf-icons-wrap whatsapp-skype\">\n    <a href=\"https:\/\/wa.me\/351967763522\" class=\"hf-icon-link\" target=\"_blank\">\n        <svg><use xlink:href=\"#whatsapp-icon\"><\/svg>\n    <\/a>\n    <a href=\"skype:wegoplacespt?chat\" class=\"hf-icon-link\" target=\"_blank\">\n        <svg><use xlink:href=\"#skype-icon\"><\/svg>\n    <\/a>\n<\/div>\n<div class=\"hf-icons-wrap instagram-facebook\">\n    <a href=\"https:\/\/www.instagram.com\/wegoplacespt\" class=\"hf-icon-link\" target=\"_blank\">\n        <svg><use xlink:href=\"#instagram-icon\"><\/svg>\n    <\/a>\n    <a href=\"https:\/\/fb.me\/wegoplaces.beasaiani\" class=\"hf-icon-link\" target=\"_blank\">\n        <svg><use xlink:href=\"#facebook-icon\"><\/svg>\n    <\/a>\n<\/div>\n                    <\/div>\n                <\/div>\n            <\/div>\n            <div class=\"alert-wrap\">\n                <div class=\"form-alert success\">\n                    <div class=\"main-alert\">\n                        <svg class=\"alert-icon check-icon\"><use xlink:href=\"#check-icon\"><\/svg>\n                        <p class=\"alert-text\">Thanks for your message<\/p>\n                    <\/div>\n                    <p class=\"more-alert-text\">Our team is going to back to you soon<\/p>\n                <\/div>\n\n                <div class=\"form-alert error client-error\">\n                    <div class=\"main-alert\">\n                        <svg class=\"alert-icon check-icon\"><use xlink:href=\"#error-icon\"><\/svg>\n                        <p class=\"alert-text\">Please adjust the information below<\/p>\n                    <\/div>\n                <\/div>\n\n                <div class=\"form-alert error server-error\">\n                    <div class=\"main-alert\">\n                        <svg class=\"alert-icon check-icon\"><use xlink:href=\"#error-icon\"><\/svg>\n                        <p class=\"alert-text\">Internal error, please try again later<\/p>\n                    <\/div>\n                <\/div>\n            <\/div>\n        <\/section>\n\n        <script type=\"text\/javascript\">\n            if (window.initContactFormById) {\n                window.initContactFormById('58bc8a9');\n            } else {\n                window.addEventListener('contactFormReadyToInit', function() {\n                    window.initContactFormById('58bc8a9');\n                });\n            }\n        <\/script>\n\n    \t\t<\/div>\n\t\t\t\t<\/div>\n\t\t\t\t\t\t<\/div>\n\t\t\t\t\t<\/div>\n\t\t<\/div>\n\t\t\t\t\t\t\t\t<\/div>\n\t\t\t\t\t<\/div>\n\t\t<\/section>\n\t\t\t\t\t\t<\/div>\n\t\t\t\t\t\t<\/div>\n\t\t\t\t\t<\/div>","protected":false},"excerpt":{"rendered":"<p>Contact us How can we help? Name Company Email Phone Message Required fields We Go Places Corporate translation and language services in&#8230;<\/p>","protected":false},"author":1,"featured_media":0,"parent":0,"menu_order":0,"comment_status":"closed","ping_status":"closed","template":"","meta":[],"yoast_head":"<!-- This site is optimized with the Yoast SEO plugin v15.1.1 - https:\/\/yoast.com\/wordpress\/plugins\/seo\/ -->\n<title>Contact - We Go Places<\/title>\n<meta name=\"robots\" content=\"index, follow, max-snippet:-1, max-image-preview:large, max-video-preview:-1\" \/>\n<link rel=\"canonical\" href=\"https:\/\/wegoplaces.pt\/pt\/contact\/\" \/>\n<meta property=\"og:locale\" content=\"pt_PT\" \/>\n<meta property=\"og:type\" content=\"article\" \/>\n<meta property=\"og:title\" content=\"Contact - We Go Places\" \/>\n<meta property=\"og:description\" content=\"Contact us How can we help? Name Company Email Phone Message Required fields We Go Places Corporate translation and language services in...\" \/>\n<meta property=\"og:url\" content=\"https:\/\/wegoplaces.pt\/pt\/contact\/\" \/>\n<meta property=\"og:site_name\" content=\"We Go Places\" \/>\n<meta property=\"article:modified_time\" content=\"2020-10-16T02:10:29+00:00\" \/>\n<meta name=\"twitter:card\" content=\"summary_large_image\" \/>\n<script type=\"application\/ld+json\" class=\"yoast-schema-graph\">{\"@context\":\"https:\/\/schema.org\",\"@graph\":[{\"@type\":\"WebSite\",\"@id\":\"https:\/\/wegoplaces.pt\/pt\/#website\",\"url\":\"https:\/\/wegoplaces.pt\/pt\/\",\"name\":\"We Go Places\",\"description\":\"Corporate translation and language services in Brazil and Portugal\",\"potentialAction\":[{\"@type\":\"SearchAction\",\"target\":\"https:\/\/wegoplaces.pt\/pt\/?s={search_term_string}\",\"query-input\":\"required name=search_term_string\"}],\"inLanguage\":\"pt-PT\"},{\"@type\":\"WebPage\",\"@id\":\"https:\/\/wegoplaces.pt\/contact\/#webpage\",\"url\":\"https:\/\/wegoplaces.pt\/contact\/\",\"name\":\"Contact - We Go Places\",\"isPartOf\":{\"@id\":\"https:\/\/wegoplaces.pt\/pt\/#website\"},\"datePublished\":\"2020-09-09T18:39:06+00:00\",\"dateModified\":\"2020-10-16T02:10:29+00:00\",\"inLanguage\":\"pt-PT\",\"potentialAction\":[{\"@type\":\"ReadAction\",\"target\":[\"https:\/\/wegoplaces.pt\/contact\/\"]}]}]}<\/script>\n<!-- \/ Yoast SEO plugin. -->","_links":{"self":[{"href":"https:\/\/wegoplaces.pt\/pt\/wp-json\/wp\/v2\/pages\/51"}],"collection":[{"href":"https:\/\/wegoplaces.pt\/pt\/wp-json\/wp\/v2\/pages"}],"about":[{"href":"https:\/\/wegoplaces.pt\/pt\/wp-json\/wp\/v2\/types\/page"}],"author":[{"embeddable":true,"href":"https:\/\/wegoplaces.pt\/pt\/wp-json\/wp\/v2\/users\/1"}],"replies":[{"embeddable":true,"href":"https:\/\/wegoplaces.pt\/pt\/wp-json\/wp\/v2\/comments?post=51"}],"version-history":[{"count":7,"href":"https:\/\/wegoplaces.pt\/pt\/wp-json\/wp\/v2\/pages\/51\/revisions"}],"predecessor-version":[{"id":159,"href":"https:\/\/wegoplaces.pt\/pt\/wp-json\/wp\/v2\/pages\/51\/revisions\/159"}],"wp:attachment":[{"href":"https:\/\/wegoplaces.pt\/pt\/wp-json\/wp\/v2\/media?parent=51"}],"curies":[{"name":"wp","href":"https:\/\/api.w.org\/{rel}","templated":true}]}}