{"id":45,"date":"2020-09-09T18:38:13","date_gmt":"2020-09-09T18:38:13","guid":{"rendered":"https:\/\/wegoplaces.local\/?page_id=45"},"modified":"2020-10-30T13:51:46","modified_gmt":"2020-10-30T13:51:46","slug":"translation","status":"publish","type":"page","link":"https:\/\/wegoplaces.pt\/pt\/translation\/","title":{"rendered":"Tradu\u00e7\u00f5es"},"content":{"rendered":"<div data-elementor-type=\"wp-page\" data-elementor-id=\"45\" class=\"elementor elementor-45\" data-elementor-settings=\"[]\">\n\t\t\t\t\t\t<div class=\"elementor-inner\">\n\t\t\t\t\t\t\t<div class=\"elementor-section-wrap\">\n\t\t\t\t\t\t\t<section class=\"elementor-section elementor-top-section elementor-element elementor-element-7a80e61 elementor-section-full_width elementor-section-height-default elementor-section-height-default\" data-id=\"7a80e61\" data-element_type=\"section\">\n\t\t\t\t\t\t<div class=\"elementor-container elementor-column-gap-no\">\n\t\t\t\t\t\t\t<div class=\"elementor-row\">\n\t\t\t\t\t<div class=\"elementor-column elementor-col-100 elementor-top-column elementor-element elementor-element-41b0434\" data-id=\"41b0434\" data-element_type=\"column\">\n\t\t\t<div class=\"elementor-column-wrap elementor-element-populated\">\n\t\t\t\t\t\t\t<div class=\"elementor-widget-wrap\">\n\t\t\t\t\t\t<div class=\"elementor-element elementor-element-ed7039a elementor-widget elementor-widget-wgp_translation_hero\" data-id=\"ed7039a\" data-element_type=\"widget\" data-widget_type=\"wgp_translation_hero.default\">\n\t\t\t\t<div class=\"elementor-widget-container\">\n\t\t\t\n        <section class=\"wgp-translation-hero\">\n            <div class=\"inner-wrap\">\n                <p class=\"section-tagline\">Servi\u00e7os de Tradu\u00e7\u00e3o<\/p>\n                <h2 class=\"section-title\">Leve a sua empresa al\u00e9m fronteiras, disponibilize a sua informa\u00e7\u00e3o em v\u00e1rios idiomas<\/h2>\n                <div class=\"section-img-wrap\">\n                    <img src=\"https:\/\/wegoplaces.pt\/wp-content\/themes\/wegoplaces\/_inc\/assets\/img\/translation-hero.svg\" class=\"section-img\">\n                <\/div>\n                <p class=\"body-text\">Somos uma equipa especializada e dedicada. Primamos pela excel\u00eancia. Conte connosco para traduzir seu conte\u00fado para ingl\u00eas, portugu\u00eas, espanhol, franc\u00eas, italiano e alem\u00e3o.<\/p>\n                \n<a href=\"https:\/\/wegoplaces.pt\/pt\/contact\/\" class=\"btn-ask-quote btn-primary\">\n    <div class=\"inner-wrap\">\n        <span class=\"btn-text\">Solicite Or\u00e7amento<\/span>\n        <svg class=\"arrow-icon\"><use xlink:href=\"#arrow-icon\"><\/svg>\n    <\/div>\n<\/a>\n            <\/div>\n        <\/section>\n\n    \t\t<\/div>\n\t\t\t\t<\/div>\n\t\t\t\t<div class=\"elementor-element elementor-element-e97d461 elementor-widget elementor-widget-wgp_translation_details\" data-id=\"e97d461\" data-element_type=\"widget\" data-widget_type=\"wgp_translation_details.default\">\n\t\t\t\t<div class=\"elementor-widget-container\">\n\t\t\t\n        <section class=\"wgp-translation-details wgp-2-cols-details\">\n            <div class=\"inner-wrap\">\n                <ul class=\"block-list\">\n                                            <li class=\"block-list-item\">\n                            <div class=\"icon-wrap\">\n                                <img src=\"https:\/\/wegoplaces.pt\/wp-content\/themes\/wegoplaces\/_inc\/assets\/img\/icon-website.svg\" class=\"icon-img icon-website\">\n                            <\/div>\n                            <p class=\"block-title\">Sites<\/p>\n                            <p class=\"block-text\">Disponibilize seu site em outros idiomas. Alcance novos p\u00fablicos e necessidades. Conte connosco para o ajudarmos com isso.<\/p>\n                        <\/li>\n                                            <li class=\"block-list-item\">\n                            <div class=\"icon-wrap\">\n                                <img src=\"https:\/\/wegoplaces.pt\/wp-content\/themes\/wegoplaces\/_inc\/assets\/img\/icon-manual.svg\" class=\"icon-img icon-manual\">\n                            <\/div>\n                            <p class=\"block-title\">Manuais<\/p>\n                            <p class=\"block-text\">Muitos dos seus documentos precisam ser traduzidos para torn\u00e1-los acess\u00edveis para outros mercados. A nossa equipa de tradutores pode ajud\u00e1-lo com isso. <\/p>\n                        <\/li>\n                                            <li class=\"block-list-item\">\n                            <div class=\"icon-wrap\">\n                                <img src=\"https:\/\/wegoplaces.pt\/wp-content\/themes\/wegoplaces\/_inc\/assets\/img\/icon-brochure.svg\" class=\"icon-img icon-brochure\">\n                            <\/div>\n                            <p class=\"block-title\">Brochuras<\/p>\n                            <p class=\"block-text\">Informa\u00e7\u00f5es, campanhas ou pormenores do seu neg\u00f3cio podem ser escrito para diferentes p\u00fablicos e em diferentes l\u00ednguas. Sabemos como fazer isso por si.<\/p>\n                        <\/li>\n                                            <li class=\"block-list-item\">\n                            <div class=\"icon-wrap\">\n                                <img src=\"https:\/\/wegoplaces.pt\/wp-content\/themes\/wegoplaces\/_inc\/assets\/img\/icon-documents.svg\" class=\"icon-img icon-documents\">\n                            <\/div>\n                            <p class=\"block-title\">Documentos t\u00e9cnicos<\/p>\n                            <p class=\"block-text\">Trabalhamos com rigor e precis\u00e3o no tratamento de documentos t\u00e9cnicos. Nossa equipa de tradutores, com anos de experi\u00eancia, pode ajud\u00e1-lo com isso.<\/p>\n                        <\/li>\n                                    <\/ul>\n\n                <ul class=\"check-list\">\n                    <li class=\"section-title\">Porqu\u00ea escolher-nos?<\/li>\n                                                <li class=\"check-list-item\">\n                                <svg class=\"check-icon\"><use xlink:href=\"#check-icon\"><\/svg>\n                                <p class=\"check-item-text\">Equipa especializada e dedicada<\/p>\n                            <\/li>\n                                                    <li class=\"check-list-item\">\n                                <svg class=\"check-icon\"><use xlink:href=\"#check-icon\"><\/svg>\n                                <p class=\"check-item-text\">Responsabilidade e precis\u00e3o<\/p>\n                            <\/li>\n                                                    <li class=\"check-list-item\">\n                                <svg class=\"check-icon\"><use xlink:href=\"#check-icon\"><\/svg>\n                                <p class=\"check-item-text\">Profissionalismo no cumprimento dos prazos<\/p>\n                            <\/li>\n                                                    <li class=\"check-list-item\">\n                                <svg class=\"check-icon\"><use xlink:href=\"#check-icon\"><\/svg>\n                                <p class=\"check-item-text\">Rela\u00e7\u00e3o pre\u00e7o qualidade<\/p>\n                            <\/li>\n                                        <\/ul>\n            <\/div>\n        <\/section>\n\n    \t\t<\/div>\n\t\t\t\t<\/div>\n\t\t\t\t\t\t<\/div>\n\t\t\t\t\t<\/div>\n\t\t<\/div>\n\t\t\t\t\t\t\t\t<\/div>\n\t\t\t\t\t<\/div>\n\t\t<\/section>\n\t\t\t\t\t\t<\/div>\n\t\t\t\t\t\t<\/div>\n\t\t\t\t\t<\/div>","protected":false},"excerpt":{"rendered":"<p>Translation Services Take your company across borders, and make your information available in multiple languages Count on us to translate your content&#8230;<\/p>","protected":false},"author":1,"featured_media":0,"parent":0,"menu_order":0,"comment_status":"closed","ping_status":"closed","template":"","meta":[],"yoast_head":"<!-- This site is optimized with the Yoast SEO plugin v15.1.1 - https:\/\/yoast.com\/wordpress\/plugins\/seo\/ -->\n<title>Translation - We Go Places<\/title>\n<meta name=\"robots\" content=\"index, follow, max-snippet:-1, max-image-preview:large, max-video-preview:-1\" \/>\n<link rel=\"canonical\" href=\"https:\/\/wegoplaces.pt\/pt\/translation\/\" \/>\n<meta property=\"og:locale\" content=\"pt_PT\" \/>\n<meta property=\"og:type\" content=\"article\" \/>\n<meta property=\"og:title\" content=\"Translation - We Go Places\" \/>\n<meta property=\"og:description\" content=\"Translation Services Take your company across borders, and make your information available in multiple languages Count on us to translate your content...\" \/>\n<meta property=\"og:url\" content=\"https:\/\/wegoplaces.pt\/pt\/translation\/\" \/>\n<meta property=\"og:site_name\" content=\"We Go Places\" \/>\n<meta property=\"article:modified_time\" content=\"2020-10-30T13:51:46+00:00\" \/>\n<meta property=\"og:image\" content=\"https:\/\/wegoplaces.pt\/wp-content\/themes\/wegoplaces\/_inc\/assets\/img\/translation-hero.svg\" \/>\n<meta name=\"twitter:card\" content=\"summary_large_image\" \/>\n<script type=\"application\/ld+json\" class=\"yoast-schema-graph\">{\"@context\":\"https:\/\/schema.org\",\"@graph\":[{\"@type\":\"WebSite\",\"@id\":\"https:\/\/wegoplaces.pt\/pt\/#website\",\"url\":\"https:\/\/wegoplaces.pt\/pt\/\",\"name\":\"We Go Places\",\"description\":\"Corporate translation and language services in Brazil and Portugal\",\"potentialAction\":[{\"@type\":\"SearchAction\",\"target\":\"https:\/\/wegoplaces.pt\/pt\/?s={search_term_string}\",\"query-input\":\"required name=search_term_string\"}],\"inLanguage\":\"pt-PT\"},{\"@type\":\"ImageObject\",\"@id\":\"https:\/\/wegoplaces.pt\/translation\/#primaryimage\",\"inLanguage\":\"pt-PT\",\"url\":\"https:\/\/wegoplaces.pt\/wp-content\/themes\/wegoplaces\/_inc\/assets\/img\/translation-hero.svg\"},{\"@type\":\"WebPage\",\"@id\":\"https:\/\/wegoplaces.pt\/translation\/#webpage\",\"url\":\"https:\/\/wegoplaces.pt\/translation\/\",\"name\":\"Translation - We Go Places\",\"isPartOf\":{\"@id\":\"https:\/\/wegoplaces.pt\/pt\/#website\"},\"primaryImageOfPage\":{\"@id\":\"https:\/\/wegoplaces.pt\/translation\/#primaryimage\"},\"datePublished\":\"2020-09-09T18:38:13+00:00\",\"dateModified\":\"2020-10-30T13:51:46+00:00\",\"inLanguage\":\"pt-PT\",\"potentialAction\":[{\"@type\":\"ReadAction\",\"target\":[\"https:\/\/wegoplaces.pt\/translation\/\"]}]}]}<\/script>\n<!-- \/ Yoast SEO plugin. -->","_links":{"self":[{"href":"https:\/\/wegoplaces.pt\/pt\/wp-json\/wp\/v2\/pages\/45"}],"collection":[{"href":"https:\/\/wegoplaces.pt\/pt\/wp-json\/wp\/v2\/pages"}],"about":[{"href":"https:\/\/wegoplaces.pt\/pt\/wp-json\/wp\/v2\/types\/page"}],"author":[{"embeddable":true,"href":"https:\/\/wegoplaces.pt\/pt\/wp-json\/wp\/v2\/users\/1"}],"replies":[{"embeddable":true,"href":"https:\/\/wegoplaces.pt\/pt\/wp-json\/wp\/v2\/comments?post=45"}],"version-history":[{"count":4,"href":"https:\/\/wegoplaces.pt\/pt\/wp-json\/wp\/v2\/pages\/45\/revisions"}],"predecessor-version":[{"id":167,"href":"https:\/\/wegoplaces.pt\/pt\/wp-json\/wp\/v2\/pages\/45\/revisions\/167"}],"wp:attachment":[{"href":"https:\/\/wegoplaces.pt\/pt\/wp-json\/wp\/v2\/media?parent=45"}],"curies":[{"name":"wp","href":"https:\/\/api.w.org\/{rel}","templated":true}]}}