{"id":43,"date":"2020-09-09T18:37:57","date_gmt":"2020-09-09T18:37:57","guid":{"rendered":"https:\/\/wegoplaces.local\/?page_id=43"},"modified":"2020-10-08T17:18:38","modified_gmt":"2020-10-08T16:18:38","slug":"courses","status":"publish","type":"page","link":"https:\/\/wegoplaces.pt\/pt\/courses\/","title":{"rendered":"Cursos"},"content":{"rendered":"<div data-elementor-type=\"wp-page\" data-elementor-id=\"43\" class=\"elementor elementor-43\" data-elementor-settings=\"[]\">\n\t\t\t\t\t\t<div class=\"elementor-inner\">\n\t\t\t\t\t\t\t<div class=\"elementor-section-wrap\">\n\t\t\t\t\t\t\t<section class=\"elementor-section elementor-top-section elementor-element elementor-element-eff5cec elementor-section-full_width elementor-section-height-default elementor-section-height-default\" data-id=\"eff5cec\" data-element_type=\"section\">\n\t\t\t\t\t\t<div class=\"elementor-container elementor-column-gap-no\">\n\t\t\t\t\t\t\t<div class=\"elementor-row\">\n\t\t\t\t\t<div class=\"elementor-column elementor-col-100 elementor-top-column elementor-element elementor-element-3391c3a\" data-id=\"3391c3a\" data-element_type=\"column\">\n\t\t\t<div class=\"elementor-column-wrap elementor-element-populated\">\n\t\t\t\t\t\t\t<div class=\"elementor-widget-wrap\">\n\t\t\t\t\t\t<div class=\"elementor-element elementor-element-dead660 elementor-widget elementor-widget-wgp_courses_hero\" data-id=\"dead660\" data-element_type=\"widget\" data-widget_type=\"wgp_courses_hero.default\">\n\t\t\t\t<div class=\"elementor-widget-container\">\n\t\t\t\n        <section class=\"wgp-courses-hero\">\n            <div class=\"inner-wrap\">\n                <p class=\"section-tagline\">Language Courses<\/p>\n                <h2 class=\"section-title\">Apoio exclusivo aos nossos clientes e equipa de formadores altamente especializada<\/h2>\n                <div class=\"section-img-wrap\">\n                    <img src=\"https:\/\/wegoplaces.pt\/wp-content\/themes\/wegoplaces\/_inc\/assets\/img\/courses-hero.svg\" class=\"section-img\">\n                <\/div>\n                <p class=\"body-text\">Dispomos de aulas de ingl\u00eas, portugu\u00eas para estrangeiros, franc\u00eas, espanhol, italiano, alem\u00e3o ou qualquer outra l\u00edngua solicitada.  Todas as nossas aulas podem ser individuais ou em grupo, presenciais ou online.<\/p>\n                \n<a href=\"https:\/\/wegoplaces.pt\/pt\/contact\/\" class=\"btn-ask-quote btn-primary\">\n    <div class=\"inner-wrap\">\n        <span class=\"btn-text\">Solicite Or\u00e7amento<\/span>\n        <svg class=\"arrow-icon\"><use xlink:href=\"#arrow-icon\"><\/svg>\n    <\/div>\n<\/a>\n            <\/div>\n        <\/section>\n\n    \t\t<\/div>\n\t\t\t\t<\/div>\n\t\t\t\t<div class=\"elementor-element elementor-element-b55f2e5 elementor-widget elementor-widget-wgp_courses_details\" data-id=\"b55f2e5\" data-element_type=\"widget\" data-widget_type=\"wgp_courses_details.default\">\n\t\t\t\t<div class=\"elementor-widget-container\">\n\t\t\t\n        <section class=\"wgp-courses-details wgp-2-cols-details\">\n            <div class=\"inner-wrap\">\n                <ul class=\"block-list\">\n                                            <li class=\"block-list-item\">\n                            <div class=\"icon-wrap\">\n                                <img src=\"https:\/\/wegoplaces.pt\/wp-content\/themes\/wegoplaces\/_inc\/assets\/img\/icon-tune.svg\" class=\"icon-img icon-tune\">\n                            <\/div>\n                            <p class=\"block-title\">Cursos feitos \u00e0 medida<\/p>\n                            <p class=\"block-text\">Neste modelo pretendemos \u00fanica e exclusivamente trabalhar com as necessidades espec\u00edficas dos nossos clientes, sejam elas profissionais ou pessoais.<\/p>\n                        <\/li>\n                                            <li class=\"block-list-item\">\n                            <div class=\"icon-wrap\">\n                                <img src=\"https:\/\/wegoplaces.pt\/wp-content\/themes\/wegoplaces\/_inc\/assets\/img\/icon-chat.svg\" class=\"icon-img icon-chat\">\n                            <\/div>\n                            <p class=\"block-title\">Cursos de conversa\u00e7\u00e3o<\/p>\n                            <p class=\"block-text\">Dispon\u00edvel para todos os interessados que j\u00e1 consigam utilizar a l\u00edngua em v\u00e1rios contextos distintos. Uma aprendizagem baseada em temas variados e de car\u00e1cter funcional para o dia-a-dia, visando construir maior confian\u00e7a no aluno.<\/p>\n                        <\/li>\n                                            <li class=\"block-list-item\">\n                            <div class=\"icon-wrap\">\n                                <img src=\"https:\/\/wegoplaces.pt\/wp-content\/themes\/wegoplaces\/_inc\/assets\/img\/icon-stairs.svg\" class=\"icon-img icon-stairs\">\n                            <\/div>\n                            <p class=\"block-title\">Cursos por n\u00edveis - CEF<\/p>\n                            <p class=\"block-text\">Aqui queremos atingir o conhecimento por etapas e com metas objetivas claras, definidas pelos n\u00edveis do Common European Framework. Do A1 ao C1.<\/p>\n                        <\/li>\n                                    <\/ul>\n\n                <ul class=\"check-list\">\n                    <li class=\"section-title\">Porqu\u00ea escolher-nos?<\/li>\n                                                <li class=\"check-list-item\">\n                                <svg class=\"check-icon\"><use xlink:href=\"#check-icon\"><\/svg>\n                                <p class=\"check-item-text\">Rela\u00e7\u00e3o incompar\u00e1vel com a Equipa da We Go Places<\/p>\n                            <\/li>\n                                                    <li class=\"check-list-item\">\n                                <svg class=\"check-icon\"><use xlink:href=\"#check-icon\"><\/svg>\n                                <p class=\"check-item-text\">A nossa qualidade formativa<\/p>\n                            <\/li>\n                                                    <li class=\"check-list-item\">\n                                <svg class=\"check-icon\"><use xlink:href=\"#check-icon\"><\/svg>\n                                <p class=\"check-item-text\">Criatividade e disponibilidade de adapta\u00e7\u00e3o<\/p>\n                            <\/li>\n                                                    <li class=\"check-list-item\">\n                                <svg class=\"check-icon\"><use xlink:href=\"#check-icon\"><\/svg>\n                                <p class=\"check-item-text\">Organiza\u00e7\u00e3o<\/p>\n                            <\/li>\n                                                    <li class=\"check-list-item\">\n                                <svg class=\"check-icon\"><use xlink:href=\"#check-icon\"><\/svg>\n                                <p class=\"check-item-text\">Rela\u00e7\u00e3o pre\u00e7o qualidade<\/p>\n                            <\/li>\n                                                    <li class=\"check-list-item\">\n                                <svg class=\"check-icon\"><use xlink:href=\"#check-icon\"><\/svg>\n                                <p class=\"check-item-text\">Transformamos as nossas forma\u00e7\u00f5es em oportunidades para cada um dos nossos formandos<\/p>\n                            <\/li>\n                                        <\/ul>\n            <\/div>\n        <\/section>\n\n    \t\t<\/div>\n\t\t\t\t<\/div>\n\t\t\t\t\t\t<\/div>\n\t\t\t\t\t<\/div>\n\t\t<\/div>\n\t\t\t\t\t\t\t\t<\/div>\n\t\t\t\t\t<\/div>\n\t\t<\/section>\n\t\t\t\t\t\t<\/div>\n\t\t\t\t\t\t<\/div>\n\t\t\t\t\t<\/div>","protected":false},"excerpt":{"rendered":"<p>Language Courses Exclusive support and a highly specialized team of trainers We offer lessons in English, Portuguese foreign language, French, Spanish, Italian,&#8230;<\/p>","protected":false},"author":1,"featured_media":0,"parent":0,"menu_order":0,"comment_status":"closed","ping_status":"closed","template":"","meta":[],"yoast_head":"<!-- This site is optimized with the Yoast SEO plugin v15.1.1 - https:\/\/yoast.com\/wordpress\/plugins\/seo\/ -->\n<title>Courses - We Go Places<\/title>\n<meta name=\"robots\" content=\"index, follow, max-snippet:-1, max-image-preview:large, max-video-preview:-1\" \/>\n<link rel=\"canonical\" href=\"https:\/\/wegoplaces.pt\/pt\/courses\/\" \/>\n<meta property=\"og:locale\" content=\"pt_PT\" \/>\n<meta property=\"og:type\" content=\"article\" \/>\n<meta property=\"og:title\" content=\"Courses - We Go Places\" \/>\n<meta property=\"og:description\" content=\"Language Courses Exclusive support and a highly specialized team of trainers We offer lessons in English, Portuguese foreign language, French, Spanish, Italian,...\" \/>\n<meta property=\"og:url\" content=\"https:\/\/wegoplaces.pt\/pt\/courses\/\" \/>\n<meta property=\"og:site_name\" content=\"We Go Places\" \/>\n<meta property=\"article:modified_time\" content=\"2020-10-08T16:18:38+00:00\" \/>\n<meta property=\"og:image\" content=\"https:\/\/wegoplaces.pt\/wp-content\/themes\/wegoplaces\/_inc\/assets\/img\/courses-hero.svg\" \/>\n<meta name=\"twitter:card\" content=\"summary_large_image\" \/>\n<script type=\"application\/ld+json\" class=\"yoast-schema-graph\">{\"@context\":\"https:\/\/schema.org\",\"@graph\":[{\"@type\":\"WebSite\",\"@id\":\"https:\/\/wegoplaces.pt\/pt\/#website\",\"url\":\"https:\/\/wegoplaces.pt\/pt\/\",\"name\":\"We Go Places\",\"description\":\"Corporate translation and language services in Brazil and Portugal\",\"potentialAction\":[{\"@type\":\"SearchAction\",\"target\":\"https:\/\/wegoplaces.pt\/pt\/?s={search_term_string}\",\"query-input\":\"required name=search_term_string\"}],\"inLanguage\":\"pt-PT\"},{\"@type\":\"ImageObject\",\"@id\":\"https:\/\/wegoplaces.pt\/courses\/#primaryimage\",\"inLanguage\":\"pt-PT\",\"url\":\"https:\/\/wegoplaces.pt\/wp-content\/themes\/wegoplaces\/_inc\/assets\/img\/courses-hero.svg\"},{\"@type\":\"WebPage\",\"@id\":\"https:\/\/wegoplaces.pt\/courses\/#webpage\",\"url\":\"https:\/\/wegoplaces.pt\/courses\/\",\"name\":\"Courses - We Go Places\",\"isPartOf\":{\"@id\":\"https:\/\/wegoplaces.pt\/pt\/#website\"},\"primaryImageOfPage\":{\"@id\":\"https:\/\/wegoplaces.pt\/courses\/#primaryimage\"},\"datePublished\":\"2020-09-09T18:37:57+00:00\",\"dateModified\":\"2020-10-08T16:18:38+00:00\",\"inLanguage\":\"pt-PT\",\"potentialAction\":[{\"@type\":\"ReadAction\",\"target\":[\"https:\/\/wegoplaces.pt\/courses\/\"]}]}]}<\/script>\n<!-- \/ Yoast SEO plugin. -->","_links":{"self":[{"href":"https:\/\/wegoplaces.pt\/pt\/wp-json\/wp\/v2\/pages\/43"}],"collection":[{"href":"https:\/\/wegoplaces.pt\/pt\/wp-json\/wp\/v2\/pages"}],"about":[{"href":"https:\/\/wegoplaces.pt\/pt\/wp-json\/wp\/v2\/types\/page"}],"author":[{"embeddable":true,"href":"https:\/\/wegoplaces.pt\/pt\/wp-json\/wp\/v2\/users\/1"}],"replies":[{"embeddable":true,"href":"https:\/\/wegoplaces.pt\/pt\/wp-json\/wp\/v2\/comments?post=43"}],"version-history":[{"count":5,"href":"https:\/\/wegoplaces.pt\/pt\/wp-json\/wp\/v2\/pages\/43\/revisions"}],"predecessor-version":[{"id":148,"href":"https:\/\/wegoplaces.pt\/pt\/wp-json\/wp\/v2\/pages\/43\/revisions\/148"}],"wp:attachment":[{"href":"https:\/\/wegoplaces.pt\/pt\/wp-json\/wp\/v2\/media?parent=43"}],"curies":[{"name":"wp","href":"https:\/\/api.w.org\/{rel}","templated":true}]}}