{"id":41,"date":"2020-09-09T18:37:10","date_gmt":"2020-09-09T18:37:10","guid":{"rendered":"https:\/\/wegoplaces.local\/?page_id=41"},"modified":"2020-10-30T14:04:46","modified_gmt":"2020-10-30T14:04:46","slug":"about","status":"publish","type":"page","link":"https:\/\/wegoplaces.pt\/pt\/about\/","title":{"rendered":"Sobre"},"content":{"rendered":"<div data-elementor-type=\"wp-page\" data-elementor-id=\"41\" class=\"elementor elementor-41\" data-elementor-settings=\"[]\">\n\t\t\t\t\t\t<div class=\"elementor-inner\">\n\t\t\t\t\t\t\t<div class=\"elementor-section-wrap\">\n\t\t\t\t\t\t\t<section class=\"elementor-section elementor-top-section elementor-element elementor-element-14a342d elementor-section-full_width elementor-section-height-default elementor-section-height-default\" data-id=\"14a342d\" data-element_type=\"section\">\n\t\t\t\t\t\t<div class=\"elementor-container elementor-column-gap-no\">\n\t\t\t\t\t\t\t<div class=\"elementor-row\">\n\t\t\t\t\t<div class=\"elementor-column elementor-col-100 elementor-top-column elementor-element elementor-element-e140c37\" data-id=\"e140c37\" data-element_type=\"column\">\n\t\t\t<div class=\"elementor-column-wrap elementor-element-populated\">\n\t\t\t\t\t\t\t<div class=\"elementor-widget-wrap\">\n\t\t\t\t\t\t<div class=\"elementor-element elementor-element-bdd0b69 elementor-widget elementor-widget-wgp_about_hero\" data-id=\"bdd0b69\" data-element_type=\"widget\" data-widget_type=\"wgp_about_hero.default\">\n\t\t\t\t<div class=\"elementor-widget-container\">\n\t\t\t\n        <section class=\"wgp-about-hero\">\n            <div class=\"inner-wrap\">\n                <p class=\"section-tagline\">About Us<\/p>\n                <h2 class=\"hero-title smaller-on-tablet\">Especialistas em comunica\u00e7\u00e3o em meios empresariais multiculturais<\/h2>\n                <div class=\"section-img-wrap\">\n                    <img src=\"https:\/\/wegoplaces.pt\/wp-content\/themes\/wegoplaces\/_inc\/assets\/img\/about-hero.svg\" class=\"section-img\">\n                <\/div>\n            <\/div>\n        <\/section>\n\n    \t\t<\/div>\n\t\t\t\t<\/div>\n\t\t\t\t<div class=\"elementor-element elementor-element-b32e82b elementor-widget elementor-widget-wgp_about_summary\" data-id=\"b32e82b\" data-element_type=\"widget\" data-widget_type=\"wgp_about_summary.default\">\n\t\t\t\t<div class=\"elementor-widget-container\">\n\t\t\t\n        <section class=\"wgp-about-summary\">\n            <div class=\"inner-wrap\">\n                <div class=\"columns-wrap\">\n                    <p class=\"summary-text\">Desde as linhas de montagem at\u00e9 \u00e0s \u00e1reas de topo, a We Go Places reconhece-se como uma for\u00e7a \u00fanica no mercado, sendo, sem d\u00favida, os seus elementos altamente motivados, divertidos e eficazes quando se trata do desenvolvimento da confian\u00e7a e autonomia no uso de uma segunda l\u00edngua em adultos.<br \/>\n<br \/>\nA singularidade de We go Places \u00e9 a capacidade de dar forma\u00e7\u00e3o direcionada para as necessidades dos formandos, cumprindo os requisitos das empresas de diferentes formas, desde os pre\u00e7os que oferece at\u00e9 \u00e0 alta fixa\u00e7\u00e3o dos formandos que tem adquirido ao longo de muitos anos, dentro e fora de Portugal.<br \/>\n<br \/>\nLiteralmente, We Go Places<\/p>\n                    <img src=\"https:\/\/wegoplaces.pt\/wp-content\/themes\/wegoplaces\/_inc\/assets\/img\/beatriz-signature.svg\" class=\"signature-img\">\n                    <p class=\"text-below-signature\">Instrutora e Coordenadora<\/p>\n                <\/div>\n            <\/div>\n        <\/section>\n\n    \t\t<\/div>\n\t\t\t\t<\/div>\n\t\t\t\t<div class=\"elementor-element elementor-element-d767c42 elementor-widget elementor-widget-wgp_about_team\" data-id=\"d767c42\" data-element_type=\"widget\" data-widget_type=\"wgp_about_team.default\">\n\t\t\t\t<div class=\"elementor-widget-container\">\n\t\t\t\n        <section class=\"wgp-about-team\">\n            <div class=\"inner-wrap\">\n                <p class=\"section-tagline\">Nossa Equipa<\/p>\n                <div class=\"columns-wrap\">\n                                                <div class=\"team-member\">\n                                <p class=\"team-member-name\">Alda Couto<\/p>\n                                <div class=\"avatar-bio-wrap\">\n                                    <div class=\"team-avatar-wrap\">\n                                                                                    <img src=\"https:\/\/wegoplaces.pt\/wp-content\/uploads\/2020\/09\/prof-alda-couto-160x160.jpg\" class=\"avatar-img\">\n                                                                            <\/div>\n                                    <div class=\"bio-wrap\">\n                                        <p class=\"member-bio\">A Alda \u00e9 licenciada em Ci\u00eancias da Educa\u00e7\u00e3o pela Universidade de Lisboa e frequentou o curso de Lingu\u00edstica na Universidade Nova de Lisboa. Participou ativamente em v\u00e1rios workshops e sess\u00f5es de forma\u00e7\u00e3o em educa\u00e7\u00e3o e tamb\u00e9m de escrita. Tem trabalhado como revisora de textos liter\u00e1rios para v\u00e1rias editoras, jornais e revistas, bem como tradu\u00e7\u00f5es para v\u00e1rias ag\u00eancias h\u00e1 mais de vinte anos.<br \/>\n<br \/>\nComo autora, tem tr\u00eas obras publicadas - dois romances e um livro de poesia, em portugu\u00eas, a sua l\u00edngua materna.<br \/>\n<br \/>\nFoi professora e tutora de portugu\u00eas durante mais de vinte anos. Ela adora o seu trabalho e os seus alunos. A Alda adora o desafio de ensinar portugu\u00eas \u00e0queles que falam l\u00ednguas diferentes.<\/p>\n                                        <div class=\"more-link-wrap\">\n                                            <a href=\"#\" class=\"more-link\">\n                                                <span class=\"link-text\">Mais<\/span>\n                                                <svg class=\"arrow-icon\"><use xlink:href=\"#arrow-icon\"><\/svg>\n                                            <\/a>\n                                        <\/div>\n                                    <\/div>\n                                <\/div>\n                            <\/div>\n                                                    <div class=\"team-member\">\n                                <p class=\"team-member-name\">Ana Rita Laureano<\/p>\n                                <div class=\"avatar-bio-wrap\">\n                                    <div class=\"team-avatar-wrap\">\n                                                                                    <img src=\"https:\/\/wegoplaces.pt\/wp-content\/uploads\/2020\/09\/prof-ana-rita-160x160.jpg\" class=\"avatar-img\">\n                                                                            <\/div>\n                                    <div class=\"bio-wrap\">\n                                        <p class=\"member-bio\">Ana Rita Laureano estudou Direito em Lisboa e Salamanca e trabalhou como assessora jur\u00eddica e comercial em Lisboa e Barcelona. Em 2010, e de regresso a Portugal, criou o \"m\u00e9todo andrag\u00f3gico del taburete\" para a forma\u00e7\u00e3o de ELE e PLE. Paralelamente, modera Clubes Liter\u00e1rios e Tert\u00falias Po\u00e9ticas em Espanhol e Portugu\u00eas.<\/p>\n                                        <div class=\"more-link-wrap\">\n                                            <a href=\"#\" class=\"more-link\">\n                                                <span class=\"link-text\">Mais<\/span>\n                                                <svg class=\"arrow-icon\"><use xlink:href=\"#arrow-icon\"><\/svg>\n                                            <\/a>\n                                        <\/div>\n                                    <\/div>\n                                <\/div>\n                            <\/div>\n                                                    <div class=\"team-member\">\n                                <p class=\"team-member-name\">Antonio Bomhardt Pedroso<\/p>\n                                <div class=\"avatar-bio-wrap\">\n                                    <div class=\"team-avatar-wrap\">\n                                                                                    <img src=\"https:\/\/wegoplaces.pt\/wp-content\/themes\/wegoplaces\/_inc\/assets\/img\/icon-avatar.svg\" class=\"avatar-img\">\n                                                                            <\/div>\n                                    <div class=\"bio-wrap\">\n                                        <p class=\"member-bio\">Com forma\u00e7\u00e3o acad\u00e9mica em tradu\u00e7\u00e3o para a l\u00edngua alem\u00e3 e um vasto leque de cursos em forma\u00e7\u00e3o, o Antonio tem ministrado forma\u00e7\u00f5es de ambos os idiomas, Portugu\u00eas e Alem\u00e3o, para v\u00e1rias empresas multinacionais assim como embaixadas. \u00c9 focado, divertido e de din\u00e2mica muito \u00fanica.<\/p>\n                                        <div class=\"more-link-wrap\">\n                                            <a href=\"#\" class=\"more-link\">\n                                                <span class=\"link-text\">Mais<\/span>\n                                                <svg class=\"arrow-icon\"><use xlink:href=\"#arrow-icon\"><\/svg>\n                                            <\/a>\n                                        <\/div>\n                                    <\/div>\n                                <\/div>\n                            <\/div>\n                                                    <div class=\"team-member\">\n                                <p class=\"team-member-name\">Beatriz Saiani<\/p>\n                                <div class=\"avatar-bio-wrap\">\n                                    <div class=\"team-avatar-wrap\">\n                                                                                    <img src=\"https:\/\/wegoplaces.pt\/wp-content\/uploads\/2020\/10\/about-us-beatriz.png\" class=\"avatar-img\">\n                                                                            <\/div>\n                                    <div class=\"bio-wrap\">\n                                        <p class=\"member-bio\">Nasceu no Brasil e tem licenciatura e mestrado em Comunica\u00e7\u00e3o pela Eastern Illinois University, sempre gostou do ensino. Contadora de hist\u00f3rias e networker acredita trazer para a mesa de trabalho a sua paix\u00e3o e que com criatividade e muito humor far\u00e1 os seus formandos aprenderem.<br \/>\n<br \/>\nO conhecimento e o interesse por novos temas que a Bea tem, s\u00e3o a chave mestra para o progresso e desenvolvimento, dos seus formandos, mesmo fora das suas zonas de conforto. A principal for\u00e7a da Bea reside de facto em aumentar a confian\u00e7a dos seus formandos dentro de ambientes empresariais, onde eles t\u00eam de enfrentar obst\u00e1culos e desafios di\u00e1rios. Auto-confian\u00e7a e confian\u00e7a nos outros s\u00e3o elementos-chave para o progresso na aprendizagem de uma segunda l\u00edngua.<\/p>\n                                        <div class=\"more-link-wrap\">\n                                            <a href=\"#\" class=\"more-link\">\n                                                <span class=\"link-text\">Mais<\/span>\n                                                <svg class=\"arrow-icon\"><use xlink:href=\"#arrow-icon\"><\/svg>\n                                            <\/a>\n                                        <\/div>\n                                    <\/div>\n                                <\/div>\n                            <\/div>\n                                                    <div class=\"team-member\">\n                                <p class=\"team-member-name\">Michelle Ellis<\/p>\n                                <div class=\"avatar-bio-wrap\">\n                                    <div class=\"team-avatar-wrap\">\n                                                                                    <img src=\"https:\/\/wegoplaces.pt\/wp-content\/uploads\/2020\/10\/michelle-photo.png\" class=\"avatar-img\">\n                                                                            <\/div>\n                                    <div class=\"bio-wrap\">\n                                        <p class=\"member-bio\">\"Eu acredito que tudo acontece por uma raz\u00e3o, mesmo que n\u00e3o sejamos suficientemente s\u00e1bios para ver isso\" - Oprah Winfrey<br \/>\n<br \/>\nQuando eu era crian\u00e7a, tinha uma mem\u00f3ria fant\u00e1stica e sempre me destacava em competi\u00e7\u00f5es de Conhecimento Geral. Isto para mim, era por vezes, uma faca de dois gumes, porque por um lado, a minha equipa ganharia, mas por outro, de que me serviria saber todos estes factos? Agora olho para tr\u00e1s e percebo que adquiri conhecimentos gerais porque adorava aprender. Se gostas de aprender, mais cedo ou mais tarde vais adorar ensinar. Todos os bons alunos, mais cedo ou mais tarde, tornam-se bons professores.<br \/>\n<br \/>\nA minha carreira de professora come\u00e7ou de uma forma pouco habitual. Trabalhei como tradutora no Departamento de Forma\u00e7\u00e3o de uma grande f\u00e1brica de alimentos processados e um dia apareceu uma nova funcion\u00e1ria no departamento para fazer est\u00e1gio. Ningu\u00e9m estava \u00e0 espera que ela come\u00e7asse nesse dia e n\u00e3o havia ningu\u00e9m para acompanh\u00e1-la. Quando ela falou portugu\u00eas, meu chefe virou-se para mim e\ndisse: \"Michelle aqui est\u00e1 o manual... ensine-a\"! A \u00fanica vez que utilizei o manual foi  no meu primeiro dia de introdu\u00e7\u00e3o \u00e0 empresa, quando eu pr\u00f3pria tinha me ensinado a partir desse mesmo manual. Mas isto n\u00e3o poderia ter funcionado melhor, mesmo se o tivesse planeado! Ensinar para mim n\u00e3o \u00e9 um trabalho ou mesmo uma carreira, mas sim uma voca\u00e7\u00e3o.<br \/>\nme is not a job or even a career but a vocation.<br \/>\n<br \/>\nO meu nome \u00e9 Michelle Ellis e estou muito feliz em conhec\u00ea-lo e ansiosa para partilhar momentos divertidos em sala de aula!.<\/p>\n                                        <div class=\"more-link-wrap\">\n                                            <a href=\"#\" class=\"more-link\">\n                                                <span class=\"link-text\">Mais<\/span>\n                                                <svg class=\"arrow-icon\"><use xlink:href=\"#arrow-icon\"><\/svg>\n                                            <\/a>\n                                        <\/div>\n                                    <\/div>\n                                <\/div>\n                            <\/div>\n                                                    <div class=\"team-member\">\n                                <p class=\"team-member-name\">Paula Pinheiro<\/p>\n                                <div class=\"avatar-bio-wrap\">\n                                    <div class=\"team-avatar-wrap\">\n                                                                                    <img src=\"https:\/\/wegoplaces.pt\/wp-content\/uploads\/2020\/09\/prof-paula-pinheiro-160x160.jpg\" class=\"avatar-img\">\n                                                                            <\/div>\n                                    <div class=\"bio-wrap\">\n                                        <p class=\"member-bio\">Licenciada em Lingu\u00edstica pela Universidade Nova de Lisboa e com especializa\u00e7\u00e3o em Terminologia pela Universidade Paris VIII, a Paula Pinheiro come\u00e7ou desde logo a ensinar. No per\u00edodo que morou em Paris, ensinou portugu\u00eas l\u00edngua estrangeira, posteriormente, j\u00e1 em Portugal, a Paula ensinou sobretudo o franc\u00eas e o portugu\u00eas escolar. Nos \u00faltimos anos, depois de Portugal ter come\u00e7ado a ganhar notoriedade l\u00e1 fora, o ensino do portugu\u00eas como l\u00edngua estrangeira voltou novamente a ser um dos focos para a Paula, quer a crian\u00e7as e adolescentes, quer a adultos.<br \/>\n<br \/>\nO gosto pelo ensino e pela partilha de conhecimento \u00e9 sem d\u00favida aquilo que motiva a Paula a ir ao encontro das necessidades dos seus alunos, adequando as aulas e adaptando \u00e0 realidade de cada um, porque todos temos objetivos pr\u00f3prios e \u00fanicos ao adquirir uma nova l\u00edngua.<\/p>\n                                        <div class=\"more-link-wrap\">\n                                            <a href=\"#\" class=\"more-link\">\n                                                <span class=\"link-text\">Mais<\/span>\n                                                <svg class=\"arrow-icon\"><use xlink:href=\"#arrow-icon\"><\/svg>\n                                            <\/a>\n                                        <\/div>\n                                    <\/div>\n                                <\/div>\n                            <\/div>\n                                                    <div class=\"team-member\">\n                                <p class=\"team-member-name\">Ruslana Solomya Pihel<\/p>\n                                <div class=\"avatar-bio-wrap\">\n                                    <div class=\"team-avatar-wrap\">\n                                                                                    <img src=\"https:\/\/wegoplaces.pt\/wp-content\/uploads\/2020\/09\/prof-ruslana-160x160.png\" class=\"avatar-img\">\n                                                                            <\/div>\n                                    <div class=\"bio-wrap\">\n                                        <p class=\"member-bio\">Fil\u00f3loga, linguista, professora de l\u00ednguas, tradutora e int\u00e9rprete com o grau de Mestre no Ensino de L\u00ednguas Romano-Germ\u00e2nicas, Eslavas e Asi\u00e1ticas e o grau de Mestre em Tradu\u00e7\u00e3o e Interpreta\u00e7\u00e3o.<br \/>\n<br \/>\nPossui uma vasta experi\u00eancia de trabalho ao n\u00edvel do ensino das l\u00ednguas estrangeiras, na \u00e1rea de tradu\u00e7\u00e3o dos textos liter\u00e1rios, t\u00e9cnico-cient\u00edficos e audiovisuais, bem como na \u00e1rea de interpreta\u00e7\u00e3o, localiza\u00e7\u00e3o, transcri\u00e7\u00e3o, revis\u00e3o e edi\u00e7\u00e3o.<br \/>\n<br \/>\nD\u00e1 forma\u00e7\u00f5es nas empresas internacionais, trabalha como elaboradora de testes de nivelamento de l\u00ednguas, faz prepara\u00e7\u00e3o para os exames oficiais de profici\u00eancia em l\u00ednguas estrangeiras (TOPIK, HSK, BCT, YCT, RKI, SIELE, DELE, GOETHEZERTIFIKAT, DAF, DELF, DALF, TOEFL, FCE, CAE, CPE, IELTS, etc.) e efetua tradu\u00e7\u00f5es em v\u00e1rias combina\u00e7\u00f5es lingu\u00edsticas.<\/p>\n                                        <div class=\"more-link-wrap\">\n                                            <a href=\"#\" class=\"more-link\">\n                                                <span class=\"link-text\">Mais<\/span>\n                                                <svg class=\"arrow-icon\"><use xlink:href=\"#arrow-icon\"><\/svg>\n                                            <\/a>\n                                        <\/div>\n                                    <\/div>\n                                <\/div>\n                            <\/div>\n                                                    <div class=\"team-member\">\n                                <p class=\"team-member-name\">Vanessa Mira<\/p>\n                                <div class=\"avatar-bio-wrap\">\n                                    <div class=\"team-avatar-wrap\">\n                                                                                    <img src=\"https:\/\/wegoplaces.pt\/wp-content\/uploads\/2020\/09\/prof-vanessa-mira-160x160.jpg\" class=\"avatar-img\">\n                                                                            <\/div>\n                                    <div class=\"bio-wrap\">\n                                        <p class=\"member-bio\">A Vanessa possui uma licenciatura em design gr\u00e1fico e um mestrado para o ensino de Artes Visuais! Nasceu e cresceu na \u00c1frica do Sul e viveu na Alemanha e Portugal. Pelo facto de ter vivido em pa\u00edses diferentes e ter aprendido tamb\u00e9m outros idiomas, compreende ainda mais a forma como uma l\u00edngua estrangeira deve ser ensinada.<br \/>\nlanguage.<br \/>\n<br \/>\nDecidiu obter o CELTA porque queria estar ligada, tanto quanto poss\u00edvel, \u00e0 forma\u00e7\u00e3o em l\u00edngua inglesa. Um campo em que ela adora trabalhar.<br \/>\n<br \/>\nAs sess\u00f5es de forma\u00e7\u00e3o s\u00e3o t\u00e3o divertidas como o trabalho em si, pois ela acredita que o ingl\u00eas comercial tamb\u00e9m pode ser agrad\u00e1vel de aprender.<br \/>\n<br \/>\nA sua for\u00e7a est\u00e1 em transmitir confian\u00e7a e assim como a capacidade de corre\u00e7\u00e3o aos formandos. \"Penso que, como formadores\/professores, \u00e9 nossa responsabilidade corrigir os nossos formandos\/estudantes para que n\u00e3o se envergonhem ao falar ingl\u00eas\".<br \/>\n<br \/>\nA Vanessa sempre diz: Eu adoro o que fa\u00e7o! E isto diz tudo!<\/p>\n                                        <div class=\"more-link-wrap\">\n                                            <a href=\"#\" class=\"more-link\">\n                                                <span class=\"link-text\">Mais<\/span>\n                                                <svg class=\"arrow-icon\"><use xlink:href=\"#arrow-icon\"><\/svg>\n                                            <\/a>\n                                        <\/div>\n                                    <\/div>\n                                <\/div>\n                            <\/div>\n                                        <\/div>\n            <\/div>\n        <\/section>\n\n        <div class=\"wgp-page-overlay\">\n            <div class=\"scrollable-wrap\">\n                <div class=\"popup-wrap\">\n                    <a href=\"#\" class=\"btn-close-popup\">\n                        <svg class=\"close-icon\"><use xlink:href=\"#close-icon\"><\/svg>\n                    <\/a>\n                    <header class=\"popup-header\">\n                        <div class=\"team-avatar-wrap\"><\/div>\n                        <p class=\"team-member-name\"><\/p>\n                    <\/header>\n                    <p class=\"member-bio\"><\/p>\n                <\/div>\n            <\/div>\n        <\/div>\n\n        <script type=\"text\/javascript\">\n            if (window.initAboutTeamById) {\n                window.initAboutTeamById('d767c42');\n            } else {\n                window.addEventListener('aboutTeamReadyToInit', function() {\n                    window.initAboutTeamById('d767c42');\n                });\n            }\n        <\/script>\n\n    \t\t<\/div>\n\t\t\t\t<\/div>\n\t\t\t\t\t\t<\/div>\n\t\t\t\t\t<\/div>\n\t\t<\/div>\n\t\t\t\t\t\t\t\t<\/div>\n\t\t\t\t\t<\/div>\n\t\t<\/section>\n\t\t\t\t\t\t<\/div>\n\t\t\t\t\t\t<\/div>\n\t\t\t\t\t<\/div>","protected":false},"excerpt":{"rendered":"<p>About Us Experts in communication within multicultural corporate environments From assembling lines to managerial areas, the We Go Places team recognizes themselves&#8230;<\/p>","protected":false},"author":1,"featured_media":0,"parent":0,"menu_order":0,"comment_status":"closed","ping_status":"closed","template":"","meta":[],"yoast_head":"<!-- This site is optimized with the Yoast SEO plugin v15.1.1 - https:\/\/yoast.com\/wordpress\/plugins\/seo\/ -->\n<title>About - We Go Places<\/title>\n<meta name=\"robots\" content=\"index, follow, max-snippet:-1, max-image-preview:large, max-video-preview:-1\" \/>\n<link rel=\"canonical\" href=\"https:\/\/wegoplaces.pt\/pt\/about\/\" \/>\n<meta property=\"og:locale\" content=\"pt_PT\" \/>\n<meta property=\"og:type\" content=\"article\" \/>\n<meta property=\"og:title\" content=\"About - We Go Places\" \/>\n<meta property=\"og:description\" content=\"About Us Experts in communication within multicultural corporate environments From assembling lines to managerial areas, the We Go Places team recognizes themselves...\" \/>\n<meta property=\"og:url\" content=\"https:\/\/wegoplaces.pt\/pt\/about\/\" \/>\n<meta property=\"og:site_name\" content=\"We Go Places\" \/>\n<meta property=\"article:modified_time\" content=\"2020-10-30T14:04:46+00:00\" \/>\n<meta property=\"og:image\" content=\"https:\/\/wegoplaces.pt\/wp-content\/themes\/wegoplaces\/_inc\/assets\/img\/about-hero.svg\" \/>\n<meta name=\"twitter:card\" content=\"summary_large_image\" \/>\n<script type=\"application\/ld+json\" class=\"yoast-schema-graph\">{\"@context\":\"https:\/\/schema.org\",\"@graph\":[{\"@type\":\"WebSite\",\"@id\":\"https:\/\/wegoplaces.pt\/pt\/#website\",\"url\":\"https:\/\/wegoplaces.pt\/pt\/\",\"name\":\"We Go Places\",\"description\":\"Corporate translation and language services in Brazil and Portugal\",\"potentialAction\":[{\"@type\":\"SearchAction\",\"target\":\"https:\/\/wegoplaces.pt\/pt\/?s={search_term_string}\",\"query-input\":\"required name=search_term_string\"}],\"inLanguage\":\"pt-PT\"},{\"@type\":\"ImageObject\",\"@id\":\"https:\/\/wegoplaces.pt\/about\/#primaryimage\",\"inLanguage\":\"pt-PT\",\"url\":\"https:\/\/wegoplaces.pt\/wp-content\/themes\/wegoplaces\/_inc\/assets\/img\/about-hero.svg\"},{\"@type\":\"WebPage\",\"@id\":\"https:\/\/wegoplaces.pt\/about\/#webpage\",\"url\":\"https:\/\/wegoplaces.pt\/about\/\",\"name\":\"About - We Go Places\",\"isPartOf\":{\"@id\":\"https:\/\/wegoplaces.pt\/pt\/#website\"},\"primaryImageOfPage\":{\"@id\":\"https:\/\/wegoplaces.pt\/about\/#primaryimage\"},\"datePublished\":\"2020-09-09T18:37:10+00:00\",\"dateModified\":\"2020-10-30T14:04:46+00:00\",\"inLanguage\":\"pt-PT\",\"potentialAction\":[{\"@type\":\"ReadAction\",\"target\":[\"https:\/\/wegoplaces.pt\/about\/\"]}]}]}<\/script>\n<!-- \/ Yoast SEO plugin. -->","_links":{"self":[{"href":"https:\/\/wegoplaces.pt\/pt\/wp-json\/wp\/v2\/pages\/41"}],"collection":[{"href":"https:\/\/wegoplaces.pt\/pt\/wp-json\/wp\/v2\/pages"}],"about":[{"href":"https:\/\/wegoplaces.pt\/pt\/wp-json\/wp\/v2\/types\/page"}],"author":[{"embeddable":true,"href":"https:\/\/wegoplaces.pt\/pt\/wp-json\/wp\/v2\/users\/1"}],"replies":[{"embeddable":true,"href":"https:\/\/wegoplaces.pt\/pt\/wp-json\/wp\/v2\/comments?post=41"}],"version-history":[{"count":11,"href":"https:\/\/wegoplaces.pt\/pt\/wp-json\/wp\/v2\/pages\/41\/revisions"}],"predecessor-version":[{"id":165,"href":"https:\/\/wegoplaces.pt\/pt\/wp-json\/wp\/v2\/pages\/41\/revisions\/165"}],"wp:attachment":[{"href":"https:\/\/wegoplaces.pt\/pt\/wp-json\/wp\/v2\/media?parent=41"}],"curies":[{"name":"wp","href":"https:\/\/api.w.org\/{rel}","templated":true}]}}