{"id":39,"date":"2020-09-09T18:33:41","date_gmt":"2020-09-09T18:33:41","guid":{"rendered":"https:\/\/wegoplaces.local\/?page_id=39"},"modified":"2020-10-10T02:47:04","modified_gmt":"2020-10-10T01:47:04","slug":"home","status":"publish","type":"page","link":"https:\/\/wegoplaces.pt\/pt\/","title":{"rendered":"Home"},"content":{"rendered":"<div data-elementor-type=\"wp-page\" data-elementor-id=\"39\" class=\"elementor elementor-39\" data-elementor-settings=\"[]\">\n\t\t\t\t\t\t<div class=\"elementor-inner\">\n\t\t\t\t\t\t\t<div class=\"elementor-section-wrap\">\n\t\t\t\t\t\t\t<section class=\"elementor-section elementor-top-section elementor-element elementor-element-9ee4387 elementor-section-full_width elementor-section-height-default elementor-section-height-default\" data-id=\"9ee4387\" data-element_type=\"section\">\n\t\t\t\t\t\t<div class=\"elementor-container elementor-column-gap-no\">\n\t\t\t\t\t\t\t<div class=\"elementor-row\">\n\t\t\t\t\t<div class=\"elementor-column elementor-col-100 elementor-top-column elementor-element elementor-element-36ed7ad\" data-id=\"36ed7ad\" data-element_type=\"column\">\n\t\t\t<div class=\"elementor-column-wrap elementor-element-populated\">\n\t\t\t\t\t\t\t<div class=\"elementor-widget-wrap\">\n\t\t\t\t\t\t<div class=\"elementor-element elementor-element-1089eec elementor-widget elementor-widget-wgp_home_hero\" data-id=\"1089eec\" data-element_type=\"widget\" data-widget_type=\"wgp_home_hero.default\">\n\t\t\t\t<div class=\"elementor-widget-container\">\n\t\t\t\n        <section class=\"wgp-home-hero\">\n            <div class=\"inner-wrap\">\n                <header class=\"section-header\">\n                    <p class=\"section-tagline\">Ingl\u00eas, Franc\u00eas, Espanhol, Italiano, Alem\u00e3o e Portugu\u00eas para Estrangeiros<\/p>\n                    <h2 class=\"hero-title\">Servi\u00e7o \u00danico para Desafios \u00danicos<\/h2>\n                <\/header>\n                <div class=\"section-img-wrap\">\n                    <img src=\"https:\/\/wegoplaces.pt\/wp-content\/themes\/wegoplaces\/_inc\/assets\/img\/home-hero.svg\" class=\"section-img\">\n                <\/div>\n                <p class=\"body-text\">Somos uma empresa especializada em forma\u00e7\u00e3o de l\u00ednguas e servi\u00e7os de tradu\u00e7\u00e3o que atua exclusivamente no meio empresarial e cujo caminho se foca no desenvolvimento de rela\u00e7\u00f5es com os nossos clientes e com os nossos formandos. O que nos distingue \u00e9 o modo como o fazemos.<\/p>\n                \n<a href=\"https:\/\/wegoplaces.pt\/pt\/contact\/\" class=\"btn-ask-quote btn-primary\">\n    <div class=\"inner-wrap\">\n        <span class=\"btn-text\">Solicite Or\u00e7amento<\/span>\n        <svg class=\"arrow-icon\"><use xlink:href=\"#arrow-icon\"><\/svg>\n    <\/div>\n<\/a>\n            <\/div>\n        <\/section>\n\n    \t\t<\/div>\n\t\t\t\t<\/div>\n\t\t\t\t<div class=\"elementor-element elementor-element-c911392 elementor-widget elementor-widget-wgp_home_training\" data-id=\"c911392\" data-element_type=\"widget\" data-widget_type=\"wgp_home_training.default\">\n\t\t\t\t<div class=\"elementor-widget-container\">\n\t\t\t\n        <section class=\"wgp-home-training\">\n            <div class=\"inner-wrap\">\n                <p class=\"section-tagline\">Cursos de Idiomas<\/p>\n                <h2 class=\"section-title\">Cursos de l\u00ednguas com uma equipa de formadores altamente especializada<\/h2>\n                <div class=\"section-img-wrap\">\n                    <img src=\"https:\/\/wegoplaces.pt\/wp-content\/themes\/wegoplaces\/_inc\/assets\/img\/home-training.svg\" class=\"section-img\">\n                <\/div>\n                <ul class=\"icon-list\">\n                                            <li class=\"icon-list-item\">\n                            <div class=\"icon-wrap\">\n                                <img src=\"https:\/\/wegoplaces.pt\/wp-content\/themes\/wegoplaces\/_inc\/assets\/img\/icon-tune.svg\" class=\"icon-img icon-tune\">\n                            <\/div>\n                            <div class=\"icon-text\">Cursos feitos \u00e0 medida<\/div>\n                        <\/li>\n                                            <li class=\"icon-list-item\">\n                            <div class=\"icon-wrap\">\n                                <img src=\"https:\/\/wegoplaces.pt\/wp-content\/themes\/wegoplaces\/_inc\/assets\/img\/icon-chat.svg\" class=\"icon-img icon-chat\">\n                            <\/div>\n                            <div class=\"icon-text\">Cursos de conversa\u00e7\u00e3o<\/div>\n                        <\/li>\n                                            <li class=\"icon-list-item\">\n                            <div class=\"icon-wrap\">\n                                <img src=\"https:\/\/wegoplaces.pt\/wp-content\/themes\/wegoplaces\/_inc\/assets\/img\/icon-stairs.svg\" class=\"icon-img icon-stairs\">\n                            <\/div>\n                            <div class=\"icon-text\">Cursos por n\u00edveis (CEF)<\/div>\n                        <\/li>\n                                    <\/ul>\n                <div class=\"more-link-wrap\">\n                    <a href=\"https:\/\/wegoplaces.local\/courses\/\" class=\"more-link\">\n                        <span class=\"link-text\">Mais<\/span>\n                        <svg class=\"arrow-icon\"><use xlink:href=\"#arrow-icon\"><\/svg>\n                    <\/a>\n                <\/div>\n            <\/div>\n        <\/section>\n\n    \t\t<\/div>\n\t\t\t\t<\/div>\n\t\t\t\t<div class=\"elementor-element elementor-element-327dc2f elementor-widget elementor-widget-wgp_home_translation\" data-id=\"327dc2f\" data-element_type=\"widget\" data-widget_type=\"wgp_home_translation.default\">\n\t\t\t\t<div class=\"elementor-widget-container\">\n\t\t\t\n        <section class=\"wgp-home-translation\">\n            <div class=\"inner-wrap\">\n                <p class=\"section-tagline\">Servi\u00e7os de Tradu\u00e7\u00e3o<\/p>\n                <h2 class=\"section-title\">Sua informa\u00e7\u00e3o dispon\u00edvel em v\u00e1rios idiomas<\/h2>\n                <div class=\"section-img-wrap\">\n                    <img src=\"https:\/\/wegoplaces.pt\/wp-content\/themes\/wegoplaces\/_inc\/assets\/img\/home-translation.svg\" class=\"section-img\">\n                <\/div>\n                <ul class=\"icon-list\">\n                                            <li class=\"icon-list-item\">\n                            <div class=\"icon-wrap\">\n                                <img src=\"https:\/\/wegoplaces.pt\/wp-content\/themes\/wegoplaces\/_inc\/assets\/img\/icon-website.svg\" class=\"icon-img icon-website\">\n                            <\/div>\n                            <div class=\"icon-text\">Sites<\/div>\n                        <\/li>\n                                            <li class=\"icon-list-item\">\n                            <div class=\"icon-wrap\">\n                                <img src=\"https:\/\/wegoplaces.pt\/wp-content\/themes\/wegoplaces\/_inc\/assets\/img\/icon-manual.svg\" class=\"icon-img icon-manual\">\n                            <\/div>\n                            <div class=\"icon-text\">Manuais<\/div>\n                        <\/li>\n                                            <li class=\"icon-list-item\">\n                            <div class=\"icon-wrap\">\n                                <img src=\"https:\/\/wegoplaces.pt\/wp-content\/themes\/wegoplaces\/_inc\/assets\/img\/icon-brochure.svg\" class=\"icon-img icon-brochure\">\n                            <\/div>\n                            <div class=\"icon-text\">Brochuras<\/div>\n                        <\/li>\n                                            <li class=\"icon-list-item\">\n                            <div class=\"icon-wrap\">\n                                <img src=\"https:\/\/wegoplaces.pt\/wp-content\/themes\/wegoplaces\/_inc\/assets\/img\/icon-documents.svg\" class=\"icon-img icon-documents\">\n                            <\/div>\n                            <div class=\"icon-text\">Documentos t\u00e9cnicos<\/div>\n                        <\/li>\n                                    <\/ul>\n                <a href=\"https:\/\/wegoplaces.local\/translation\/\" class=\"more-link\">\n                    <span class=\"link-text\">Mais<\/span>\n                    <svg class=\"arrow-icon\"><use xlink:href=\"#arrow-icon\"><\/svg>\n                <\/a>\n            <\/div>\n        <\/section>\n\n    \t\t<\/div>\n\t\t\t\t<\/div>\n\t\t\t\t<div class=\"elementor-element elementor-element-238f7d2 elementor-widget elementor-widget-wgp_home_testimonials\" data-id=\"238f7d2\" data-element_type=\"widget\" data-widget_type=\"wgp_home_testimonials.default\">\n\t\t\t\t<div class=\"elementor-widget-container\">\n\t\t\t\n        <section class=\"wgp-home-testimonials\">\n            <div class=\"inner-wrap\">\n                <ul class=\"testimonial-list\">\n                                              <li class=\"testimonial-list-item\">\n                             <img src=\"https:\/\/wegoplaces.pt\/wp-content\/themes\/wegoplaces\/_inc\/assets\/img\/icon-quote.svg\" class=\"icon-quote\">\n                             <div class=\"testimonial-text\">\n                                 I truly believe this partnership has been valuable for our personnel and for the company itself. <strong>A tailor made solution,<\/strong> with conversation groups, one to one classes helped us to adjust and improve our overall skills.                             <\/div>\n                             <div class=\"author-wrap\">\n                                 <div class=\"author-name\">\n                                     Jorge Vinha da Silva                                 <\/div>\n                                 <div class=\"author-company\">\n                                     ALTICE ARENA - CEO                                 <\/div>\n                             <\/div>\n                         <\/li>\n                                              <li class=\"testimonial-list-item\">\n                             <img src=\"https:\/\/wegoplaces.pt\/wp-content\/themes\/wegoplaces\/_inc\/assets\/img\/icon-quote.svg\" class=\"icon-quote\">\n                             <div class=\"testimonial-text\">\n                                 Lessons are lively and <strong>full of different types of media; texts, animations<\/strong> etc. are often used to bring the content to the classroom. And it\u00b4s incredibly practical to live in Brazil and use Skype for the classes.                             <\/div>\n                             <div class=\"author-wrap\">\n                                 <div class=\"author-name\">\n                                     Cristina Andrade                                 <\/div>\n                                 <div class=\"author-company\">\n                                     INOLEX BRASIL                                 <\/div>\n                             <\/div>\n                         <\/li>\n                                              <li class=\"testimonial-list-item\">\n                             <img src=\"https:\/\/wegoplaces.pt\/wp-content\/themes\/wegoplaces\/_inc\/assets\/img\/icon-quote.svg\" class=\"icon-quote\">\n                             <div class=\"testimonial-text\">\n                                 Very nice teachers, and also very <strong>accessible, dynamic and encouraging<\/strong>. I have learned a lot with We Go Places and I hope one day I have enough confidence to visit England and speak in English while I am there.                             <\/div>\n                             <div class=\"author-wrap\">\n                                 <div class=\"author-name\">\n                                     Cristina Esteves                                 <\/div>\n                                 <div class=\"author-company\">\n                                     ALTICE ARENA                                 <\/div>\n                             <\/div>\n                         <\/li>\n                                     <\/ul>\n            <\/div>\n        <\/section>\n\n    \t\t<\/div>\n\t\t\t\t<\/div>\n\t\t\t\t<div class=\"elementor-element elementor-element-9b30b8e elementor-widget elementor-widget-wgp_home_clients\" data-id=\"9b30b8e\" data-element_type=\"widget\" data-widget_type=\"wgp_home_clients.default\">\n\t\t\t\t<div class=\"elementor-widget-container\">\n\t\t\t\n        <section class=\"wgp-home-clients\">\n            <div class=\"inner-wrap\">\n                                    <p class=\"section-tagline\">Nossos Clientes<\/p>\n                                    <h2 class=\"section-title\">Solu\u00e7\u00f5es adaptadas para a realidade de todo tipo de empresa<\/h2>\n                                <ul class=\"logos-list\">\n                                                <li class=\"logos-list-item\">\n                                                                <img src=\"https:\/\/wegoplaces.pt\/wp-content\/uploads\/2020\/09\/client-1-altice-arena.png\" style=\"width:51%\"\n                                     class=\"logo-img\">\n                            <\/li>\n                                                    <li class=\"logos-list-item\">\n                                                                <img src=\"https:\/\/wegoplaces.pt\/wp-content\/uploads\/2020\/09\/client-2-inolex-brasil.png\" style=\"width:80%\"\n                                     class=\"logo-img\">\n                            <\/li>\n                                                    <li class=\"logos-list-item\">\n                                                                <img src=\"https:\/\/wegoplaces.pt\/wp-content\/uploads\/2020\/09\/client-3-ipo-lisboa.png\" style=\"width:100%\"\n                                     class=\"logo-img\">\n                            <\/li>\n                                                    <li class=\"logos-list-item\">\n                                                                <img src=\"https:\/\/wegoplaces.pt\/wp-content\/uploads\/2020\/10\/solplay-logo.png\" style=\"width:100%\"\n                                     class=\"logo-img\">\n                            <\/li>\n                                                    <li class=\"logos-list-item\">\n                                                                <img src=\"https:\/\/wegoplaces.pt\/wp-content\/uploads\/2020\/09\/client-5-bosch.png\" style=\"width:78%\"\n                                     class=\"logo-img\">\n                            <\/li>\n                                                    <li class=\"logos-list-item\">\n                                                                <img src=\"https:\/\/wegoplaces.pt\/wp-content\/uploads\/2020\/09\/client-6-blue-ticket.png\" style=\"width:80%\"\n                                     class=\"logo-img\">\n                            <\/li>\n                                                    <li class=\"logos-list-item\">\n                                                                <img src=\"https:\/\/wegoplaces.pt\/wp-content\/uploads\/2021\/04\/logo-cloudoki2x.png\" style=\"width:60%\"\n                                     class=\"logo-img\">\n                            <\/li>\n                                                    <li class=\"logos-list-item\">\n                                                                <img src=\"https:\/\/wegoplaces.pt\/wp-content\/uploads\/2021\/04\/logo-gulbenkian2x.png\" style=\"width:82%\"\n                                     class=\"logo-img\">\n                            <\/li>\n                                        <\/ul>\n            <\/div>\n        <\/section>\n\n    \t\t<\/div>\n\t\t\t\t<\/div>\n\t\t\t\t<div class=\"elementor-element elementor-element-5b02dbc elementor-widget elementor-widget-wgp_home_blog\" data-id=\"5b02dbc\" data-element_type=\"widget\" data-widget_type=\"wgp_home_blog.default\">\n\t\t\t\t<div class=\"elementor-widget-container\">\n\t\t\t\n        <section class=\"wgp-home-blog\">\n            <div class=\"inner-wrap\">\n                <header class=\"section-header\">\n                    <div class=\"section-img-wrap\">\n                        <img src=\"https:\/\/wegoplaces.pt\/wp-content\/themes\/wegoplaces\/_inc\/assets\/img\/home-blog.jpg?v=2\" class=\"section-img\">\n                    <\/div>\n                    <img src=\"https:\/\/wegoplaces.pt\/wp-content\/themes\/wegoplaces\/_inc\/assets\/img\/blog-title.svg\" class=\"blog-title\">\n                    <p class=\"blog-tagline\">Dicas para uma comunica\u00e7\u00e3o mais efetiva<\/p>\n                <\/header>\n\n                <ul class=\"posts-list\">\n                    \n                            <li class=\"posts-list-item\">\n                                <h3 class=\"post-title\">Como adultos, dominamos melhor a arte de aprender<\/h3>\n                                <p class=\"post-date\">Set 2020<\/p>\n                                <a href=\"https:\/\/wegoplaces.pt\/pt\/as-grown-ups-we-master-the-art-of-learning-better\/\" class=\"more-link\">\n                                    <span class=\"link-text\">Ler<\/span>\n                                    <svg class=\"arrow-icon\">\n                                        <use xlink:href=\"#arrow-icon\">\n                                    <\/svg>\n                                <\/a>\n                            <\/li>\n\n                        \n                            <li class=\"posts-list-item\">\n                                <h3 class=\"post-title\">Ser\u00e1 que algum dia saberemos uma l\u00edngua o suficiente?<\/h3>\n                                <p class=\"post-date\">Set 2020<\/p>\n                                <a href=\"https:\/\/wegoplaces.pt\/pt\/will-we-ever-know-a-language-enough\/\" class=\"more-link\">\n                                    <span class=\"link-text\">Ler<\/span>\n                                    <svg class=\"arrow-icon\">\n                                        <use xlink:href=\"#arrow-icon\">\n                                    <\/svg>\n                                <\/a>\n                            <\/li>\n\n                        \n                            <li class=\"posts-list-item\">\n                                <h3 class=\"post-title\">\"Eu percebo tudo o que eles falam, mas quando eu tenho de falar, as palavras simplesmente n\u00e3o saem da minha boca e eu bloqueio\"<\/h3>\n                                <p class=\"post-date\">Set 2020<\/p>\n                                <a href=\"https:\/\/wegoplaces.pt\/pt\/i-understand-everything-they-talk-about-but-when-i-have-to-speak-words-simply-dont-come-out-of-my-mouth-and-i-block\/\" class=\"more-link\">\n                                    <span class=\"link-text\">Ler<\/span>\n                                    <svg class=\"arrow-icon\">\n                                        <use xlink:href=\"#arrow-icon\">\n                                    <\/svg>\n                                <\/a>\n                            <\/li>\n\n                                        <\/ul>\n            <\/div>\n        <\/section>\n\n        \t\t<\/div>\n\t\t\t\t<\/div>\n\t\t\t\t\t\t<\/div>\n\t\t\t\t\t<\/div>\n\t\t<\/div>\n\t\t\t\t\t\t\t\t<\/div>\n\t\t\t\t\t<\/div>\n\t\t<\/section>\n\t\t\t\t\t\t<\/div>\n\t\t\t\t\t\t<\/div>\n\t\t\t\t\t<\/div>","protected":false},"excerpt":{"rendered":"<p>English, Portuguese, Spanish, French, Italian, German, and more Unique language training for unique challenges We are a company specialized in language training&#8230;<\/p>","protected":false},"author":1,"featured_media":0,"parent":0,"menu_order":0,"comment_status":"closed","ping_status":"closed","template":"","meta":[],"yoast_head":"<!-- This site is optimized with the Yoast SEO plugin v15.1.1 - https:\/\/yoast.com\/wordpress\/plugins\/seo\/ -->\n<title>We Go Places - Corporate translation and language services in Brazil and Portugal<\/title>\n<meta name=\"description\" content=\"We are a company specialized in language training and translation services, which operates exclusively for organizations...\" \/>\n<meta name=\"robots\" content=\"index, follow, max-snippet:-1, max-image-preview:large, max-video-preview:-1\" \/>\n<link rel=\"canonical\" href=\"https:\/\/wegoplaces.pt\/pt\/\" \/>\n<meta property=\"og:locale\" content=\"pt_PT\" \/>\n<meta property=\"og:type\" content=\"article\" \/>\n<meta property=\"og:title\" content=\"We Go Places - Corporate translation and language services in Brazil and Portugal\" \/>\n<meta property=\"og:description\" content=\"We are a company specialized in language training and translation services, which operates exclusively for organizations...\" \/>\n<meta property=\"og:url\" content=\"https:\/\/wegoplaces.pt\/pt\/\" \/>\n<meta property=\"og:site_name\" content=\"We Go Places\" \/>\n<meta property=\"article:modified_time\" content=\"2020-10-10T01:47:04+00:00\" \/>\n<meta property=\"og:image\" content=\"https:\/\/wegoplaces.pt\/wp-content\/themes\/wegoplaces\/_inc\/assets\/img\/home-hero.svg\" \/>\n<meta name=\"twitter:card\" content=\"summary_large_image\" \/>\n<script type=\"application\/ld+json\" class=\"yoast-schema-graph\">{\"@context\":\"https:\/\/schema.org\",\"@graph\":[{\"@type\":\"WebSite\",\"@id\":\"https:\/\/wegoplaces.pt\/pt\/#website\",\"url\":\"https:\/\/wegoplaces.pt\/pt\/\",\"name\":\"We Go Places\",\"description\":\"Corporate translation and language services in Brazil and Portugal\",\"potentialAction\":[{\"@type\":\"SearchAction\",\"target\":\"https:\/\/wegoplaces.pt\/pt\/?s={search_term_string}\",\"query-input\":\"required name=search_term_string\"}],\"inLanguage\":\"pt-PT\"},{\"@type\":\"ImageObject\",\"@id\":\"https:\/\/wegoplaces.pt\/#primaryimage\",\"inLanguage\":\"pt-PT\",\"url\":\"https:\/\/wegoplaces.pt\/wp-content\/themes\/wegoplaces\/_inc\/assets\/img\/home-hero.svg\"},{\"@type\":\"WebPage\",\"@id\":\"https:\/\/wegoplaces.pt\/#webpage\",\"url\":\"https:\/\/wegoplaces.pt\/\",\"name\":\"We Go Places - Corporate translation and language services in Brazil and Portugal\",\"isPartOf\":{\"@id\":\"https:\/\/wegoplaces.pt\/pt\/#website\"},\"primaryImageOfPage\":{\"@id\":\"https:\/\/wegoplaces.pt\/#primaryimage\"},\"datePublished\":\"2020-09-09T18:33:41+00:00\",\"dateModified\":\"2020-10-10T01:47:04+00:00\",\"description\":\"We are a company specialized in language training and translation services, which operates exclusively for organizations...\",\"inLanguage\":\"pt-PT\",\"potentialAction\":[{\"@type\":\"ReadAction\",\"target\":[\"https:\/\/wegoplaces.pt\/\"]}]}]}<\/script>\n<!-- \/ Yoast SEO plugin. -->","_links":{"self":[{"href":"https:\/\/wegoplaces.pt\/pt\/wp-json\/wp\/v2\/pages\/39"}],"collection":[{"href":"https:\/\/wegoplaces.pt\/pt\/wp-json\/wp\/v2\/pages"}],"about":[{"href":"https:\/\/wegoplaces.pt\/pt\/wp-json\/wp\/v2\/types\/page"}],"author":[{"embeddable":true,"href":"https:\/\/wegoplaces.pt\/pt\/wp-json\/wp\/v2\/users\/1"}],"replies":[{"embeddable":true,"href":"https:\/\/wegoplaces.pt\/pt\/wp-json\/wp\/v2\/comments?post=39"}],"version-history":[{"count":13,"href":"https:\/\/wegoplaces.pt\/pt\/wp-json\/wp\/v2\/pages\/39\/revisions"}],"predecessor-version":[{"id":155,"href":"https:\/\/wegoplaces.pt\/pt\/wp-json\/wp\/v2\/pages\/39\/revisions\/155"}],"wp:attachment":[{"href":"https:\/\/wegoplaces.pt\/pt\/wp-json\/wp\/v2\/media?parent=39"}],"curies":[{"name":"wp","href":"https:\/\/api.w.org\/{rel}","templated":true}]}}